{"id":215,"date":"2024-09-19T10:58:49","date_gmt":"2024-09-19T08:58:49","guid":{"rendered":"https:\/\/leclosdetournes.fr\/?page_id=215"},"modified":"2024-09-19T10:58:49","modified_gmt":"2024-09-19T08:58:49","slug":"tarif-du-20-septembre-2024","status":"publish","type":"page","link":"https:\/\/leclosdetournes.fr\/?page_id=215","title":{"rendered":"Tarif du 20 septembre 2024"},"content":{"rendered":"\n<p>Il faut croire que nous sommes dou\u00e9s pour quelque chose et que cette chose doit \u00eatre atteinte. Marie Curie<\/p>\n\n\n\n<p>L&rsquo;automne arrive \u00e0 grand pas, la saison des soupes et des plats mijot\u00e9s. Pour profiter encore des quelques rayons de soleil, j&rsquo;ai encore quelles que tomates, poivrons, aubergines mais la saison va se terminer rapidement. Les derniers melons, figues, reines Claude et muscat seront pr\u00e9sents. Les ananas, mangues sont de retour tout doucement sans compter sur les pommes, poires.<\/p>\n\n\n\n<p>Velout\u00e9 rutabaga-\u00e9pinard<\/p>\n\n\n\n<p>un rutabaga (600 g)<br>un gros oignon (150 g)<br>100 g d\u2019\u00e9pinards<br>1 litre d\u2019eau<br>50 g de beurre \u00bd sel<br>1 cuill\u00e8re \u00e0 soupe de f\u00e9cule de ma\u00efs (Ma\u00efzena\u00ae)<br>sel<br>poivre<br>cr\u00e8me fra\u00eeche (facultatif)<br>Couper l\u2019oignon en d\u00e9s, \u00e9mincer le rutabaga et laver les \u00e9pinards.<\/p>\n\n\n\n<p>Faire fondre le beurre dans un faitout, y jeter l\u2019oignon ; lorsqu\u2019il est translucide, ajouter le rutabaga.<br>Couvrir d\u2019eau, saler poivrer. Porter \u00e0 \u00e9bullition<br>Ajouter les \u00e9pinards laisser cuire \u00e0 feu doux \u00bd heure.<br>M\u00e9langer la f\u00e9cule avec deux cuill\u00e8res de bouillon.<br>Hors du feu, mixer la pr\u00e9paration. Remettre \u00e0 cuire doucement pour incorporer la f\u00e9cule. Laisser sur le feu 3 minutes.<br>D\u00e9corer avec de la ciboulette cisel\u00e9e.<br>Servir chaud.<\/p>\n\n\n\n<p> bon app\u00e9tit<\/p>\n\n\n\n<figure class=\"wp-block-table\"><table class=\"has-fixed-layout\"><tbody><tr><td><strong>produits<\/strong><\/td><td><strong>kg\/un<\/strong><\/td><td><strong>prix kg\/un<\/strong><\/td><\/tr><tr><td><\/td><td><\/td><td><\/td><\/tr><tr><td>ANANAS pain de sucre Benin<\/td><td>kg<\/td><td>6,70 \u20ac<\/td><\/tr><tr><td>BANANES Equateur<\/td><td>kg<\/td><td>2,90 \u20ac<\/td><\/tr><tr><td>CITRONS JAUNES Eureka AFS<\/td><td>kg<\/td><td>6,80 \u20ac<\/td><\/tr><tr><td>CITRONS VERTS ITALIE<\/td><td>kg<\/td><td>6,90 \u20ac<\/td><\/tr><tr><td>FRAMBOISES ESPAGNE 125G<\/td><td>un<\/td><td>4,15 \u20ac<\/td><\/tr><tr><td>KIWIS JAUNES zespri n-zelande<\/td><td>un<\/td><td>1,40 \u20ac<\/td><\/tr><tr><td>KIWIS verts Zespri N-ZELANDE<\/td><td>un<\/td><td>1,15 \u20ac<\/td><\/tr><tr><td>MANGUE OSTEEN ESPAGNE<\/td><td>un<\/td><td>3,95 \u20ac<\/td><\/tr><tr><td>MARRON CUITS SOUS VIDE 200GR<\/td><td>un<\/td><td>4,25 \u20ac<\/td><\/tr><tr><td>MELON CHARENTAIS France<\/td><td>un<\/td><td>4,50 \u20ac<\/td><\/tr><tr><td>ORANGES VALENCIA ESPAGNE<\/td><td>kg<\/td><td>4,85 \u20ac<\/td><\/tr><tr><td>POIRES CONFERENCE france<\/td><td>kg<\/td><td>4,50 \u20ac<\/td><\/tr><tr><td>POIRES MAISON<\/td><td>kg<\/td><td>5,40 \u20ac<\/td><\/tr><tr><td>POMMES elstar france<\/td><td>kg<\/td><td>3,50 \u20ac<\/td><\/tr><tr><td>POMMES MAISON<\/td><td>kg<\/td><td>4,90 \u20ac<\/td><\/tr><tr><td>POMMES reinettes france<\/td><td>kg<\/td><td>5,30 \u20ac<\/td><\/tr><tr><td>PRUNES PRESIDENT FRANCE<\/td><td>kg<\/td><td>6,80 \u20ac<\/td><\/tr><tr><td>PRUNES REINE CLAUDE France<\/td><td>kg<\/td><td>8,80 \u20ac<\/td><\/tr><tr><td>RAISIN CHASSELAS FRANCE<\/td><td>kg<\/td><td>8,00 \u20ac<\/td><\/tr><tr><td>RAISIN NOIR MUSCAT FRANCE<\/td><td>kg<\/td><td>8,00 \u20ac<\/td><\/tr><tr><td><\/td><td><\/td><td><\/td><\/tr><tr><td><\/td><td><\/td><td><\/td><\/tr><tr><td>AIL FRANCE<\/td><td>kg<\/td><td>18,20 \u20ac<\/td><\/tr><tr><td>AUBERGINE DU BOULONNAIS<\/td><td>kg<\/td><td>5,10 \u20ac<\/td><\/tr><tr><td>AVOCAT GROS PEROU<\/td><td>un<\/td><td>2,65 \u20ac<\/td><\/tr><tr><td>AVOCATS VRAC PEROU<\/td><td>kg<\/td><td>8,00 \u20ac<\/td><\/tr><tr><td>BATAVIA Region France<\/td><td>un<\/td><td>1,70 \u20ac<\/td><\/tr><tr><td>BETTERAVES CUITES 200G<\/td><td>un<\/td><td>2,20 \u20ac<\/td><\/tr><tr><td>BETTERAVES CUITES 500G<\/td><td>un<\/td><td>2,40 \u20ac<\/td><\/tr><tr><td>BUTTERNUT France<\/td><td>kg<\/td><td>3,80 \u20ac<\/td><\/tr><tr><td>CAROTTE BOTTE du BOULONNAIS<\/td><td>un<\/td><td>3,35 \u20ac<\/td><\/tr><tr><td>CAROTTES du Boulonnais France<\/td><td>kg<\/td><td>3,50 \u20ac<\/td><\/tr><tr><td>CELERI RAVE du Boulonnais<\/td><td>un<\/td><td>4,40 \u20ac<\/td><\/tr><tr><td>CHAMPIGNONS ROSE France<\/td><td>kg<\/td><td>13,90 \u20ac<\/td><\/tr><tr><td>CHOU VERT FRISE France<\/td><td>un<\/td><td>3,50 \u20ac<\/td><\/tr><tr><td>CONCOMBRE du boulonnais<\/td><td>un<\/td><td>1,90 \u20ac<\/td><\/tr><tr><td>COURGE SPAGHETTI du Boulonnais france<\/td><td>kg<\/td><td>3,90 \u20ac<\/td><\/tr><tr><td>COURGETTES france<\/td><td>kg<\/td><td>4,60 \u20ac<\/td><\/tr><tr><td>COURGETTES grosses du Boulonnais<\/td><td>kg<\/td><td>1,90 \u20ac<\/td><\/tr><tr><td>CURCUMA<\/td><td>kg<\/td><td>10,80 \u20ac<\/td><\/tr><tr><td>ECHALOTES DU BOULONNAIS FRANCE<\/td><td>kg<\/td><td>7,00 \u20ac<\/td><\/tr><tr><td>ENDIVES France<\/td><td>kg<\/td><td>7,80 \u20ac<\/td><\/tr><tr><td>EPI DE MAIS DU BOULONNAIS FRANCE<\/td><td>un<\/td><td>1,20 \u20ac<\/td><\/tr><tr><td>EPINARDS France<\/td><td>kg<\/td><td>7,15 \u20ac<\/td><\/tr><tr><td>GINGEMBRE<\/td><td>kg<\/td><td>11,30 \u20ac<\/td><\/tr><tr><td>LAITUE R\u00c3\u00a9gion france<\/td><td>un<\/td><td>1,70 \u20ac<\/td><\/tr><tr><td>OIGNONS JAUNES DU BOULONNAIS FRANCE<\/td><td>kg<\/td><td>3,80 \u20ac<\/td><\/tr><tr><td>OIGNONS ROUGES DU BOULONNAIS<\/td><td>kg<\/td><td>4,60 \u20ac<\/td><\/tr><tr><td>PATATES DOUCES France<\/td><td>kg<\/td><td>6,95 \u20ac<\/td><\/tr><tr><td>PDT AGRIA Region France<\/td><td>kg<\/td><td>3,90 \u20ac<\/td><\/tr><tr><td>PDT CHARLOTTE REGION BIO FRANCE<\/td><td>kg<\/td><td>3,90 \u20ac<\/td><\/tr><tr><td>PDT ROUGES BIO france<\/td><td>kg<\/td><td>4,10 \u20ac<\/td><\/tr><tr><td>POIREAUX du Boulonnais France<\/td><td>kg<\/td><td>4,95 \u20ac<\/td><\/tr><tr><td>POIVRON du boulonnais<\/td><td>kg<\/td><td>7,50 \u20ac<\/td><\/tr><tr><td>POTIMARRON france<\/td><td>kg<\/td><td>3,80 \u20ac<\/td><\/tr><tr><td>RUTABAGA<\/td><td>kg<\/td><td>4,80 \u20ac<\/td><\/tr><tr><td>TOMATES ANCIENNES MIXTES France<\/td><td>kg<\/td><td>6,80 \u20ac<\/td><\/tr><tr><td>TOMATES du BOULONNAIS CERISES<\/td><td>kg<\/td><td>13,10 \u20ac<\/td><\/tr><tr><td><\/td><td><\/td><td><\/td><\/tr><tr><td><\/td><td><\/td><td><\/td><\/tr><tr><td>CREME FRAICHE BIO<\/td><td>un<\/td><td>3,80 \u20ac<\/td><\/tr><tr><td>FAISSELLE DE VACHE 500GR D ISA BIO<\/td><td>un<\/td><td>3,90 \u20ac<\/td><\/tr><tr><td>FROMAGE BLANC d&rsquo;isa bio local<\/td><td>un<\/td><td>3,50 \u20ac<\/td><\/tr><tr><td><\/td><td><\/td><td><\/td><\/tr><tr><td>CAMEMBERT D ISA<\/td><td>kg<\/td><td>25,95 \u20ac<\/td><\/tr><tr><td>MIMOLETTE DU WINT<\/td><td>kg<\/td><td>29,90 \u20ac<\/td><\/tr><tr><td>MIMOLETTE DU WINT VIEILLE<\/td><td>kg<\/td><td>39,90 \u20ac<\/td><\/tr><tr><td>PAVE DU WINT<\/td><td>kg<\/td><td>22,20 \u20ac<\/td><\/tr><tr><td>TOME DU WINT<\/td><td>kg<\/td><td>27,90 \u20ac<\/td><\/tr><tr><td><\/td><td><\/td><td><\/td><\/tr><tr><td>TOMME VACHE AIL DE L&rsquo;OURS BIO<\/td><td>kg<\/td><td>21,30 \u20ac<\/td><\/tr><tr><td>GRUYERE DU BOULONNAIS BIO<\/td><td>kg<\/td><td>27,00 \u20ac<\/td><\/tr><tr><td>TOMME VACHE FUMEE BIO<\/td><td>kg<\/td><td>21,30 \u20ac<\/td><\/tr><tr><td><\/td><td><\/td><td><\/td><\/tr><tr><td>BRILLAT SAVARIN BIO 200GR<\/td><td>un<\/td><td>8,60 \u20ac<\/td><\/tr><tr><td>BRIE FERMIER JURA BIO<\/td><td>kg<\/td><td>24,50 \u20ac<\/td><\/tr><tr><td>cancoillotte nature BIO<\/td><td>un<\/td><td>5,10 \u20ac<\/td><\/tr><tr><td>COMTE AOP BIO<\/td><td>kg<\/td><td>37,50 \u20ac<\/td><\/tr><tr><td>EMMENTAL ADT JURA BIO<\/td><td>kg<\/td><td>27,80 \u20ac<\/td><\/tr><tr><td>MORBIER JURA BIO<\/td><td>kg<\/td><td>39,90 \u20ac<\/td><\/tr><tr><td>Munster AOP BIO 220gr<\/td><td>un<\/td><td>5,90 \u20ac<\/td><\/tr><tr><td>SAINT NECTAIRE BIO<\/td><td>kg<\/td><td>42,30 \u20ac<\/td><\/tr><tr><td>SAPHIR DU VELAY 150gr BIO<\/td><td>un<\/td><td>5,30 \u20ac<\/td><\/tr><tr><td><\/td><td><\/td><td><\/td><\/tr><tr><td>CHEVRE FRAIS BIO<\/td><td>un<\/td><td>3,60 \u20ac<\/td><\/tr><tr><td>TOMME CHEVRE BIO<\/td><td>kg<\/td><td>39,95 \u20ac<\/td><\/tr><tr><td>CAMEMBIO CHEVRE BIO<\/td><td>un<\/td><td>6,95 \u20ac<\/td><\/tr><tr><td><\/td><td><\/td><td><\/td><\/tr><tr><td>YAOURT BREBIS NATURE BIO<\/td><td>un<\/td><td>1,10 \u20ac<\/td><\/tr><tr><td>YAOURT BREBIS FRUIT BIO<\/td><td>un<\/td><td>1,30 \u20ac<\/td><\/tr><tr><td><\/td><td><\/td><td><\/td><\/tr><tr><td>BREBIS FRAIS BIO de valentin<\/td><td>un<\/td><td>3,80 \u20ac<\/td><\/tr><tr><td>TOMME BREBIS BIO<\/td><td>kg<\/td><td>39,80 \u20ac<\/td><\/tr><tr><td>CAMEMBIO BREBIS BIO<\/td><td>un<\/td><td>7,35 \u20ac<\/td><\/tr><tr><td>TOMME DE BREBIS PIMENT<\/td><td>kg<\/td><td>42,50 \u20ac<\/td><\/tr><tr><td><\/td><td><\/td><td><\/td><\/tr><tr><td><\/td><td><\/td><td><\/td><\/tr><tr><td>MIEL D&rsquo;ACACIA<\/td><td>un<\/td><td>10,90 \u20ac<\/td><\/tr><tr><td>MIEL DE THYM BIO<\/td><td>un<\/td><td>16,80 \u20ac<\/td><\/tr><tr><td>MIEL DE FLEUR CREMEUX BIO<\/td><td>un<\/td><td>16,80 \u20ac<\/td><\/tr><tr><td>MIEL DE FLEUR LIQUIDE BIO<\/td><td>un<\/td><td>9,60 \u20ac<\/td><\/tr><tr><td>MIEL DE LAVANDE BIO 250g<\/td><td>un<\/td><td>10,95 \u20ac<\/td><\/tr><tr><td>MIEL TILLEUL DE PICARDIE<\/td><td>un<\/td><td>9,90 \u20ac<\/td><\/tr><tr><td>MIEL DE POMMIER<\/td><td>un<\/td><td>9,90 \u20ac<\/td><\/tr><tr><td><\/td><td><\/td><td><\/td><\/tr><tr><td><\/td><td><\/td><td><\/td><\/tr><tr><td>JUS D&rsquo;ANANAS<\/td><td>un<\/td><td>6,50 \u20ac<\/td><\/tr><tr><td>JUS DE PAMPLEMOUSSE<\/td><td>un<\/td><td>5,50 \u20ac<\/td><\/tr><tr><td>JUS DE POMME FERMIER<\/td><td>un<\/td><td>3,80 \u20ac<\/td><\/tr><tr><td>JUS D&rsquo;ORANGE<\/td><td>un<\/td><td>5,50 \u20ac<\/td><\/tr><tr><td>JUS MULTIFRUITS<\/td><td>un<\/td><td>5,50 \u20ac<\/td><\/tr><tr><td>JUS DE MYRTILLE 25CL<\/td><td>un<\/td><td>5,50 \u20ac<\/td><\/tr><tr><td>NECTAR FRAMB\/FRAISES<\/td><td>un<\/td><td>7,00 \u20ac<\/td><\/tr><tr><td>JUS DE POMME\/CASSIS<\/td><td>un<\/td><td>4,20 \u20ac<\/td><\/tr><tr><td>JUS FERMIER POMME\/MURE<\/td><td>un<\/td><td>4,20 \u20ac<\/td><\/tr><tr><td>JUS FERMIER POMME\/RHUB<\/td><td>un<\/td><td>4,20 \u20ac<\/td><\/tr><tr><td>JUS DE GRENADE 25CL<\/td><td>un<\/td><td>3,80 \u20ac<\/td><\/tr><tr><td><\/td><td><\/td><td><\/td><\/tr><tr><td>SEVE DE BOULEAU<\/td><td>un<\/td><td>9,95 \u20ac<\/td><\/tr><tr><td><\/td><td><\/td><td><\/td><\/tr><tr><td>FIZZ MOJITO<\/td><td>un<\/td><td>3,90 \u20ac<\/td><\/tr><tr><td><\/td><td><\/td><td><\/td><\/tr><tr><td>SIROP CRANBERRIES\/FRAMB<\/td><td>un<\/td><td>8,70 \u20ac<\/td><\/tr><tr><td>SIROP MENTHE<\/td><td>un<\/td><td>9,90 \u20ac<\/td><\/tr><tr><td>SIROP GRENADINE<\/td><td>un<\/td><td>9,90 \u20ac<\/td><\/tr><tr><td>SIROP D&rsquo;AGAVE<\/td><td>un<\/td><td>8,70 \u20ac<\/td><\/tr><tr><td>SIROP D&rsquo;ERABLE<\/td><td>un<\/td><td>6,90 \u20ac<\/td><\/tr><tr><td><\/td><td><\/td><td><\/td><\/tr><tr><td>CIDRE FERMIER 1\/2 SEC<\/td><td>un<\/td><td>3,80 \u20ac<\/td><\/tr><tr><td>CIDRE FERMIER BRUT<\/td><td>un<\/td><td>3,80 \u20ac<\/td><\/tr><tr><td><\/td><td><\/td><td><\/td><\/tr><tr><td>VINAIGRE DE CIDRE<\/td><td>un<\/td><td>2,80 \u20ac<\/td><\/tr><tr><td><\/td><td><\/td><td><\/td><\/tr><tr><td>SAVON LAIT D ANNESSE 250GR BIO<\/td><td>un<\/td><td>5,45 \u20ac<\/td><\/tr><tr><td>HUILE D OLIVE NYONS BIO 50CL<\/td><td>un<\/td><td>19,95 \u20ac<\/td><\/tr><tr><td>OLIVES AOP NYONS 210GR BIO<\/td><td>un<\/td><td>5,95 \u20ac<\/td><\/tr><tr><td>OLIVES DE NYONS AOP BIO<\/td><td>kg<\/td><td>26,90 \u20ac<\/td><\/tr><tr><td>CDR AOP BIO ROUGE EVIDENCE 75CL<\/td><td>un<\/td><td>8,75 \u20ac<\/td><\/tr><tr><td>CDR AOP VILLAGES DE NYONS BIO QUINTESSEN<\/td><td>un<\/td><td>11,15 \u20ac<\/td><\/tr><tr><td>OPYNIONS COTEAUX DES BARONNIES ROSE BIO<\/td><td>un<\/td><td>7,45 \u20ac<\/td><\/tr><tr><td>OPYNIONS CDR VILLAGES NYONS ROUGE BIO<\/td><td>un<\/td><td>13,50 \u20ac<\/td><\/tr><tr><td><\/td><td><\/td><td><\/td><\/tr><tr><td>FIGUES SECHES Turquie<\/td><td>kg<\/td><td>23,30 \u20ac<\/td><\/tr><tr><td>RAISINS SECS sultanine Iran<\/td><td>kg<\/td><td>7,90 \u20ac<\/td><\/tr><tr><td>ABRICOTS SECS Turquie<\/td><td>kg<\/td><td>16,85 \u20ac<\/td><\/tr><tr><td>MELANGE ENERGIE (fruits \u00c3&nbsp; coque)<\/td><td>kg<\/td><td>24,95 \u20ac<\/td><\/tr><tr><td>MELANGE ETUDIANT<\/td><td>kg<\/td><td>21,50 \u20ac<\/td><\/tr><tr><td><\/td><td><\/td><td><\/td><\/tr><tr><td>TRIO DE RIZ CAMARGUE<\/td><td>kg<\/td><td>8,60 \u20ac<\/td><\/tr><tr><td>RIZ ROND BLANC CAMARGUE<\/td><td>kg<\/td><td>5,80 \u20ac<\/td><\/tr><tr><td>RIZ ARBORIO LONG BLANC (RISOTTO)<\/td><td>kg<\/td><td>11,80 \u20ac<\/td><\/tr><tr><td>LENTILLES VERTES 500G<\/td><td>kg<\/td><td>10,00 \u20ac<\/td><\/tr><tr><td>HARICOTS LINGOTS BLANCS<\/td><td>kg<\/td><td>7,60 \u20ac<\/td><\/tr><tr><td>HARICOTS ROUGES<\/td><td>kg<\/td><td>8,80 \u20ac<\/td><\/tr><tr><td><\/td><td><\/td><td><\/td><\/tr><tr><td>SOUPE CAROTTE\/COCO<\/td><td>un<\/td><td>4,90 \u20ac<\/td><\/tr><tr><td>SOUPE poisson<\/td><td>un<\/td><td>4,10 \u20ac<\/td><\/tr><tr><td>SOUPE COURGETTE \/ AMANDE<\/td><td>un<\/td><td>4,90 \u20ac<\/td><\/tr><tr><td>SOUPE TOMATES\/HERBES DE PROVENCE<\/td><td>un<\/td><td>4,90 \u20ac<\/td><\/tr><tr><td>SOUPE DOUCEUR D&rsquo;HIVER<\/td><td>un<\/td><td>4,90 \u20ac<\/td><\/tr><tr><td>SOUPE POTIMARRON CHATAIGNE<\/td><td>un<\/td><td>4,90 \u20ac<\/td><\/tr><\/tbody><\/table><figcaption class=\"wp-element-caption\">suivant disponibilit\u00e9<\/figcaption><\/figure>\n\n\n\n<p><\/p>\n","protected":false},"excerpt":{"rendered":"<p>Il faut croire que nous sommes dou\u00e9s pour quelque chose et que cette chose doit \u00eatre atteinte. Marie Curie L&rsquo;automne arrive \u00e0 grand pas, la saison des soupes et des plats mijot\u00e9s. Pour profiter encore des quelques rayons de soleil, j&rsquo;ai encore quelles que tomates, poivrons, aubergines mais la saison va se terminer rapidement. Les [&hellip;]<\/p>\n","protected":false},"author":1,"featured_media":0,"parent":0,"menu_order":0,"comment_status":"closed","ping_status":"closed","template":"","meta":{"footnotes":""},"class_list":["post-215","page","type-page","status-publish","hentry"],"_links":{"self":[{"href":"https:\/\/leclosdetournes.fr\/index.php?rest_route=\/wp\/v2\/pages\/215","targetHints":{"allow":["GET"]}}],"collection":[{"href":"https:\/\/leclosdetournes.fr\/index.php?rest_route=\/wp\/v2\/pages"}],"about":[{"href":"https:\/\/leclosdetournes.fr\/index.php?rest_route=\/wp\/v2\/types\/page"}],"author":[{"embeddable":true,"href":"https:\/\/leclosdetournes.fr\/index.php?rest_route=\/wp\/v2\/users\/1"}],"replies":[{"embeddable":true,"href":"https:\/\/leclosdetournes.fr\/index.php?rest_route=%2Fwp%2Fv2%2Fcomments&post=215"}],"version-history":[{"count":1,"href":"https:\/\/leclosdetournes.fr\/index.php?rest_route=\/wp\/v2\/pages\/215\/revisions"}],"predecessor-version":[{"id":216,"href":"https:\/\/leclosdetournes.fr\/index.php?rest_route=\/wp\/v2\/pages\/215\/revisions\/216"}],"wp:attachment":[{"href":"https:\/\/leclosdetournes.fr\/index.php?rest_route=%2Fwp%2Fv2%2Fmedia&parent=215"}],"curies":[{"name":"wp","href":"https:\/\/api.w.org\/{rel}","templated":true}]}}