{"id":180,"date":"2024-07-09T15:40:12","date_gmt":"2024-07-09T13:40:12","guid":{"rendered":"https:\/\/leclosdetournes.fr\/?page_id=180"},"modified":"2024-07-09T15:40:12","modified_gmt":"2024-07-09T13:40:12","slug":"tarif-du-10-juillet-2024","status":"publish","type":"page","link":"https:\/\/leclosdetournes.fr\/?page_id=180","title":{"rendered":"Tarif du 10 juillet 2024"},"content":{"rendered":"\n<figure class=\"wp-block-table\"><table><tbody><tr><td>Bonjour \u00e0 tous,<br>Ce mercredi matin, vos commer\u00e7ants vous attendent de 9 heures \u00e0 midi 30. Ils viendront avec le soleil du nord, celui du c\u0153ur.Les premi\u00e8res \u00ab reine Claude \u00bb sont arriv\u00e9es, les abricots sont tr\u00e8s bons et c\u2019est le moment de faire qques pots de confitures. Les melons de Camargue sont sucr\u00e9s et go\u00fbteux (avis de la testeuse \ud83d\ude09)Les choux fleurs font une apparition, s\u2019il fait tr\u00e8s chaud vous pouvez essayer le taboul\u00e9 et si le temps est bof un bon gratin.N\u2019h\u00e9sitez pas \u00e0 tester la production de la coop\u00e9rative de Nyons : olives, tapenade, vin et m\u00eame du savon d\u2019\u00e2nesse.Valentin et isabelle nous livrent leur fromage et cr\u00e8merie. Isabelle va me livrer de la faisselle bio de vache mercredi ou plut\u00f4t vendredi, n\u2019h\u00e9sitez pas \u00e0 r\u00e9server<\/td><\/tr><tr><td><\/td><\/tr><tr><td><strong>Lasagnes courgettes &amp; saumon<\/strong><\/td><\/tr><tr><td>2 courgettes2 pav\u00e9es de saumon20 cl cr\u00e8me fra\u00eeche150 g fromage de ch\u00e8vre fraisLe jus d\u2019un citron150 g fromage blancCiboulette, persilPoivreCh\u00e8vre fraisInstructions de cuisine1 Pr\u00e9chauffez votre four \u00e0 180\u00b0C2 Commencez par \u00e9plucher vos courgettes en lasagnes et coupez-les finement dans le sens de la longueur.Coupez votre saumon cru en d\u00e9s et m\u00e9langez-le au fromage blanc. Ajoutez le jus de citron, le fromage de ch\u00e8vre frais et la cr\u00e8me fra\u00eeche.Incorporez le poivre, persil et la ciboulette.3 Dans un plat \u00e0 gratin, r\u00e9alisez plusieurs couches en alternant courgettes et pr\u00e9paration au saumon. Parsemez de ch\u00e8vre frais et enfournez pour 30 minutes \u00e0 180\u00b0C.Bon app\u00e9tit<br><\/td><\/tr><tr><td><\/td><\/tr><tr><td><img decoding=\"async\" width=\"468\" height=\"auto\" alt=\"\" src=\"https:\/\/mcusercontent.com\/b4ab152615b16ccf93ec0e858\/images\/190ae331-b421-bc02-fd96-4d5348e26f63.png\"><\/td><\/tr><tr><td>en fonction des stocks disponibles<\/td><\/tr><tr><td><\/td><\/tr><tr><td>Pour Lo\u00efc et Sabrina \ud83e\udd56\ud83c\udf70\ud83e\udd50 &nbsp;et glace au 06.84.98.09.05 Pour Steve au 06.58.72.26.45Damien pour des commandes 06.27.72.06.48 pr\u00e9sent le mercredi matin<\/td><\/tr><\/tbody><\/table><\/figure>\n","protected":false},"excerpt":{"rendered":"<p>Bonjour \u00e0 tous,Ce mercredi matin, vos commer\u00e7ants vous attendent de 9 heures \u00e0 midi 30. Ils viendront avec le soleil du nord, celui du c\u0153ur.Les premi\u00e8res \u00ab reine Claude \u00bb sont arriv\u00e9es, les abricots sont tr\u00e8s bons et c\u2019est le moment de faire qques pots de confitures. Les melons de Camargue sont sucr\u00e9s et go\u00fbteux [&hellip;]<\/p>\n","protected":false},"author":1,"featured_media":0,"parent":0,"menu_order":0,"comment_status":"closed","ping_status":"closed","template":"","meta":{"footnotes":""},"class_list":["post-180","page","type-page","status-publish","hentry"],"_links":{"self":[{"href":"https:\/\/leclosdetournes.fr\/index.php?rest_route=\/wp\/v2\/pages\/180","targetHints":{"allow":["GET"]}}],"collection":[{"href":"https:\/\/leclosdetournes.fr\/index.php?rest_route=\/wp\/v2\/pages"}],"about":[{"href":"https:\/\/leclosdetournes.fr\/index.php?rest_route=\/wp\/v2\/types\/page"}],"author":[{"embeddable":true,"href":"https:\/\/leclosdetournes.fr\/index.php?rest_route=\/wp\/v2\/users\/1"}],"replies":[{"embeddable":true,"href":"https:\/\/leclosdetournes.fr\/index.php?rest_route=%2Fwp%2Fv2%2Fcomments&post=180"}],"version-history":[{"count":1,"href":"https:\/\/leclosdetournes.fr\/index.php?rest_route=\/wp\/v2\/pages\/180\/revisions"}],"predecessor-version":[{"id":181,"href":"https:\/\/leclosdetournes.fr\/index.php?rest_route=\/wp\/v2\/pages\/180\/revisions\/181"}],"wp:attachment":[{"href":"https:\/\/leclosdetournes.fr\/index.php?rest_route=%2Fwp%2Fv2%2Fmedia&parent=180"}],"curies":[{"name":"wp","href":"https:\/\/api.w.org\/{rel}","templated":true}]}}