{"id":145,"date":"2024-06-06T10:32:31","date_gmt":"2024-06-06T08:32:31","guid":{"rendered":"http:\/\/leclosdetournes.fr\/?page_id=145"},"modified":"2024-06-06T10:34:30","modified_gmt":"2024-06-06T08:34:30","slug":"tarif-du-7-juin","status":"publish","type":"page","link":"https:\/\/leclosdetournes.fr\/?page_id=145","title":{"rendered":"Tarif du 7 juin"},"content":{"rendered":"\n<figure class=\"wp-block-image size-large is-resized\"><img loading=\"lazy\" decoding=\"async\" width=\"596\" height=\"1024\" src=\"http:\/\/leclosdetournes.fr\/wp-content\/uploads\/2024\/06\/20240605_073345-596x1024.jpg\" alt=\"\" class=\"wp-image-146\" style=\"width:265px;height:auto\" srcset=\"https:\/\/leclosdetournes.fr\/wp-content\/uploads\/2024\/06\/20240605_073345-596x1024.jpg 596w, https:\/\/leclosdetournes.fr\/wp-content\/uploads\/2024\/06\/20240605_073345-175x300.jpg 175w, https:\/\/leclosdetournes.fr\/wp-content\/uploads\/2024\/06\/20240605_073345-768x1319.jpg 768w, https:\/\/leclosdetournes.fr\/wp-content\/uploads\/2024\/06\/20240605_073345-895x1536.jpg 895w, https:\/\/leclosdetournes.fr\/wp-content\/uploads\/2024\/06\/20240605_073345-1193x2048.jpg 1193w, https:\/\/leclosdetournes.fr\/wp-content\/uploads\/2024\/06\/20240605_073345-1320x2267.jpg 1320w, https:\/\/leclosdetournes.fr\/wp-content\/uploads\/2024\/06\/20240605_073345-scaled.jpg 1491w\" sizes=\"auto, (max-width: 596px) 100vw, 596px\" \/><\/figure>\n\n\n\n<p>Bonjour<\/p>\n\n\n\n<p>Toujours \u00e0 notre poste, le march\u00e9 de Condette commence \u00e0 15 heures et se termine vers 18h30\/19h<\/p>\n\n\n\n<p>Les commer\u00e7ants seront heureux de vous servir avec le sourire et la bonne humeur&nbsp;\ud83d\ude09<\/p>\n\n\n\n<p>Les produits d\u2019\u00e9t\u00e9 fran\u00e7ais sont bien pr\u00e9sents, il ne nous manque plus qu\u2019un peu de chaleur.<\/p>\n\n\n\n<p>nous pr\u00e9parons des paniers diff\u00e9rents \u00e0 16\u20ac chaque semaine, ci-dessus exemple de panier<\/p>\n\n\n\n<p>Un petit barbecue avec du saumon marin\u00e9 doit \u00eatre possible dimanche si M\u00e9t\u00e9o France ne s\u2019est pas tromp\u00e9e. Nous avons des paves de saumon \u00e9cosse, ne tarder pas \u00e0 les commander.<\/p>\n\n\n\n<p>Valentin nous livre de nouveau du gruy\u00e8re boulonnais en plus des autres fromages.<\/p>\n\n\n\n<p>Si vous souhaitez du beurre herb\u00e9, n\u2019h\u00e9sitez pas \u00e0 le commander.<\/p>\n\n\n\n<p>Si vous souhaitez vous pouvez r\u00e9server vos produits \ud83c\udf4b\ud83e\udd55\ud83e\udd51\ud83c\udf4d\ud83d\udc1f pour cela envoyez moi vos commandes par mail ou par SMS au 06.07.09.21.14, mon d\u00e9p\u00f4t vente \u00e0 Echinghen est ouvert le samedi matin de 10h \u00e0 13h et le mercredi de 15 heures \u00e0 18 heures 30.<\/p>\n\n\n\n<p><\/p>\n\n\n\n<p>L\u00e9gumes farcis \u00e0 la ch\u00e2taigne<\/p>\n\n\n\n<p>Les ingr\u00e9dients 6P<\/p>\n\n\n\n<p>3 poivrons rouges<\/p>\n\n\n\n<p>3 poivrons verts<\/p>\n\n\n\n<p>3 courgettes<\/p>\n\n\n\n<p>3 aubergines<\/p>\n\n\n\n<p>3 gros oignons + 2 oignons<\/p>\n\n\n\n<p>3 grosses tomates<\/p>\n\n\n\n<p>200 gr marrons cuits<\/p>\n\n\n\n<p>400g de jambon cuit<\/p>\n\n\n\n<p>300g de veau hach\u00e9<\/p>\n\n\n\n<p>1 bouquet de persil<\/p>\n\n\n\n<p>3 cuill\u00e8res \u00e0 soupe de basilic<\/p>\n\n\n\n<p>200g de mie de pain sans la croute<\/p>\n\n\n\n<p>10cl de cr\u00e8me fra\u00eeche<\/p>\n\n\n\n<p>1 bouquet garni<\/p>\n\n\n\n<p>2 gousses d\u2019ail<\/p>\n\n\n\n<p>Chapelure<\/p>\n\n\n\n<p>Huile d\u2019olive<\/p>\n\n\n\n<p>Sel<\/p>\n\n\n\n<p>Poivre du moulin<\/p>\n\n\n\n<p>La recette<\/p>\n\n\n\n<p>Ecrasez les marrons grossi\u00e8rement \u00e0 la fourchette, salez, poivrez et incorporez la cr\u00e8me.<\/p>\n\n\n\n<p>Faites revenir les 2 oignons \u00e9minc\u00e9s dans de l\u2019huile d\u2019olive, ajoutez les gousses d\u2019ail \u00e9cras\u00e9es,<\/p>\n\n\n\n<p>laissez dorer puis ajoutez le veau hach\u00e9 et faites rissoler quelques minutes.<\/p>\n\n\n\n<p>A la viande incorporez le talon de jambon mix\u00e9, la mie de pain tremp\u00e9e dans le lait et essor\u00e9e, les marrons \u00e9cras\u00e9s,<\/p>\n\n\n\n<p>ajoutez le persil finement cisel\u00e9, salez poivrez et r\u00e9servez au frais.<\/p>\n\n\n\n<p>Faites blanchir quelques minutes les courgettes et les oignons dans de l\u2019eau bouillante sal\u00e9e, retirez avec l\u2019\u00e9cumoire,<\/p>\n\n\n\n<p>coupez en deux et \u00e9videz les l\u00e9gumes, d\u00e9posez sur une plaque allant au four et mettez la chair dans une casserole.<\/p>\n\n\n\n<p>D\u00e9coupez les aubergines et les poivrons, \u00e9videz-les et d\u00e9posez-les sur la plaque et mettez leur chair dans la casserole.<\/p>\n\n\n\n<p>Evidez les tomates et r\u00e9cup\u00e9rez le jus et la chair dans la casserole que vous ferez cuire doucement, salez, poivrez, ajoutez un peu d\u2019huile d\u2019olive, le basilic,<\/p>\n\n\n\n<p>tournez et laissez cuire jusqu\u2019\u00e0 ce que tout se d\u00e9fasse bien et se m\u00e9lange, incorporez \u00e0 l\u2019appareil et garnissez en les l\u00e9gumes.<\/p>\n\n\n\n<p>Saupoudrez de chapelure, versez un filet d\u2019huile d\u2019olive sur la chapelure et une bonne rasade dans le plat,<\/p>\n\n\n\n<p>ajoutez un peu d\u2019eau et mettez au four thermostat 7 (210\u00b0C) pour une bonne heure de cuisson en chaleur tournante.<\/p>\n\n\n\n<p>Durant la cuisson arrosez fr\u00e9quemment les farcis avec le jus.<\/p>\n\n\n\n<p>Servez chaud ou froid accompagn\u00e9 d\u2019une bonne salade.<\/p>\n\n\n\n<p>Bon app\u00e9tit<\/p>\n\n\n\n<figure class=\"wp-block-table\"><table><tbody><tr><td><\/td><td><\/td><td><\/td><\/tr><tr><td><strong>produits<\/strong><\/td><td><strong>&nbsp;kg\/unit\u00e9<\/strong><\/td><td><strong>prix kg\/un2<\/strong><\/td><\/tr><tr><td>ABRICOTS SAMOURA\u00c3\u008f France<\/td><td>kg<\/td><td>7,95 \u20ac<\/td><\/tr><tr><td>ANANAS pain de sucre Benin<\/td><td>kg<\/td><td>6,70 \u20ac<\/td><\/tr><tr><td>BANANES Equateur<\/td><td>kg<\/td><td>2,90 \u20ac<\/td><\/tr><tr><td>CERISES black star France<\/td><td>kg<\/td><td>19,90 \u20ac<\/td><\/tr><tr><td>CITRONS JAUNES italie<\/td><td>kg<\/td><td>3,95 \u20ac<\/td><\/tr><tr><td>CITRONS VERTS espagne<\/td><td>kg<\/td><td>8,80 \u20ac<\/td><\/tr><tr><td>FRAMBOISES Espagne 125G<\/td><td>un<\/td><td>4,25 \u20ac<\/td><\/tr><tr><td>KIWI VERT ITALIE<\/td><td>un<\/td><td>0,85 \u20ac<\/td><\/tr><tr><td>KIWIS JAUNES zespri n-zelande<\/td><td>un<\/td><td>1,60 \u20ac<\/td><\/tr><tr><td>MANGUE HADEN MEXIQUE<\/td><td>kg<\/td><td>13,70 \u20ac<\/td><\/tr><tr><td>MARRON CUITS SOUS VIDE 200GR<\/td><td>un<\/td><td>4,25 \u20ac<\/td><\/tr><tr><td>MELON CHARENTAIS France<\/td><td>kg<\/td><td>4,60 \u20ac<\/td><\/tr><tr><td>MYRTILLES Espagne<\/td><td>kg<\/td><td>23,50 \u20ac<\/td><\/tr><tr><td>NOIX france<\/td><td>kg<\/td><td>7,90 \u20ac<\/td><\/tr><tr><td>OLIVES DE NYONS france<\/td><td>un<\/td><td>5,95 \u20ac<\/td><\/tr><tr><td>ORANGES&nbsp; espagne<\/td><td>kg<\/td><td>3,80 \u20ac<\/td><\/tr><tr><td>ORANGES a jus espagne<\/td><td>kg<\/td><td>2,80 \u20ac<\/td><\/tr><tr><td>PECHE PLATE espagne<\/td><td>kg<\/td><td>7,95 \u20ac<\/td><\/tr><tr><td>POMELOS corse france<\/td><td>kg<\/td><td>4,90 \u20ac<\/td><\/tr><tr><td>POMMES swing france<\/td><td>kg<\/td><td>4,10 \u20ac<\/td><\/tr><tr><td><\/td><td><\/td><td><\/td><\/tr><tr><td><\/td><td><\/td><td><\/td><\/tr><tr><td>BATAVIA Region France<\/td><td>un<\/td><td>1,70 \u20ac<\/td><\/tr><tr><td>CHOU CHINOIS Espagne<\/td><td>kg<\/td><td>6,30 \u20ac<\/td><\/tr><tr><td>CAROTTES SABLE France<\/td><td>kg<\/td><td>4,80 \u20ac<\/td><\/tr><tr><td>BETTERAVES CUITES 500G<\/td><td>un<\/td><td>2,40 \u20ac<\/td><\/tr><tr><td>BETTERAVES CUITES 200G<\/td><td>un<\/td><td>1,50 \u20ac<\/td><\/tr><tr><td>RADIS ROSE BOTTE france<\/td><td>un<\/td><td>2,50 \u20ac<\/td><\/tr><tr><td>NAVETS nouveaux France<\/td><td>kg<\/td><td>4,95 \u20ac<\/td><\/tr><tr><td>OIGNONS JAUNES Region France<\/td><td>kg<\/td><td>2,90 \u20ac<\/td><\/tr><tr><td>AIL FRAIS France<\/td><td>kg<\/td><td>17,90 \u20ac<\/td><\/tr><tr><td>ECHALOTES<\/td><td>kg<\/td><td>4,95 \u20ac<\/td><\/tr><tr><td>CHAMPIGNONS ROSE France<\/td><td>kg<\/td><td>13,90 \u20ac<\/td><\/tr><tr><td>PDT AGRIA Region France<\/td><td>kg<\/td><td>2,65 \u20ac<\/td><\/tr><tr><td>PDT RATTE DELIKATESS &#8211; FRANCE VENTOUX<\/td><td>kg<\/td><td>4,95 \u20ac<\/td><\/tr><tr><td>PDT spunta italie<\/td><td>kg<\/td><td>3,80 \u20ac<\/td><\/tr><tr><td>PDT ALLIANS Region France<\/td><td>kg<\/td><td>2,65 \u20ac<\/td><\/tr><tr><td>PATATES DOUCES France<\/td><td>kg<\/td><td>4,40 \u20ac<\/td><\/tr><tr><td>GINGEMBRE<\/td><td>kg<\/td><td>11,30 \u20ac<\/td><\/tr><tr><td>CURCUMA<\/td><td>kg<\/td><td>10,80 \u20ac<\/td><\/tr><tr><td>HARICOTS VERTS Italie<\/td><td>kg<\/td><td>10,10 \u20ac<\/td><\/tr><tr><td>ASPERGES blanches 16\/22 France<\/td><td>kg<\/td><td>15,80 \u20ac<\/td><\/tr><tr><td>TOMATES CERISES France<\/td><td>kg<\/td><td>12,75 \u20ac<\/td><\/tr><tr><td>TOMATES GRAPPE France<\/td><td>kg<\/td><td>5,50 \u20ac<\/td><\/tr><tr><td>TOMATES MARMANDES France<\/td><td>kg<\/td><td>7,15 \u20ac<\/td><\/tr><tr><td>TOMATES COEUR DE BOEUF France<\/td><td>kg<\/td><td>7,15 \u20ac<\/td><\/tr><tr><td>TOMATES ANANAS France<\/td><td>kg<\/td><td>7,15 \u20ac<\/td><\/tr><tr><td>TOMATES COTELEES NOIRES<\/td><td>kg<\/td><td>7,15 \u20ac<\/td><\/tr><tr><td>CONCOMBRES France<\/td><td>un<\/td><td>1,90 \u20ac<\/td><\/tr><tr><td>COURGETTES VERTES France<\/td><td>kg<\/td><td>4,90 \u20ac<\/td><\/tr><tr><td>POIVRONS VERTS France<\/td><td>kg<\/td><td>7,25 \u20ac<\/td><\/tr><tr><td>POIVRONS ROUGES france<\/td><td>kg<\/td><td>7,65 \u20ac<\/td><\/tr><tr><td>AVOCATS pi\u00c3\u00a8ce gros PEROU<\/td><td>un<\/td><td>2,40 \u20ac<\/td><\/tr><tr><td>AVOCATS VRAC PEROU<\/td><td>kg<\/td><td>6,95 \u20ac<\/td><\/tr><tr><td>AUBERGINE France<\/td><td>kg<\/td><td>7,95 \u20ac<\/td><\/tr><tr><td><\/td><td><\/td><td><\/td><\/tr><tr><td>PAVE DE SAUMON ECOSSE<\/td><td>kg<\/td><td>24,95 \u20ac<\/td><\/tr><tr><td><\/td><td><\/td><td><\/td><\/tr><tr><td>CREME FRAICHE BIO<\/td><td>un<\/td><td>3,80 \u20ac<\/td><\/tr><tr><td>BEURRE DOUX BIO<\/td><td>un<\/td><td>4,95 \u20ac<\/td><\/tr><tr><td>BEURRE DEMI-SEL BIO<\/td><td>un<\/td><td>4,95 \u20ac<\/td><\/tr><tr><td>TOMME AIL ET FINES HERBES BIO<\/td><td>kg<\/td><td>21,30 \u20ac<\/td><\/tr><tr><td>GRUYERE DU BOULONNAIS rap\u00c3\u00a9 BIO<\/td><td>kg<\/td><td>27,00 \u20ac<\/td><\/tr><tr><td>TOMME VACHE FUMEE BIO<\/td><td>kg<\/td><td>21,30 \u20ac<\/td><\/tr><tr><td>YAOURT BREBIS NATURE BIO<\/td><td>un<\/td><td>1,10 \u20ac<\/td><\/tr><tr><td>YAOURT BREBIS FRUIT BIO<\/td><td>un<\/td><td>1,30 \u20ac<\/td><\/tr><tr><td>CHEVRE FRAIS BIO<\/td><td>un<\/td><td>3,60 \u20ac<\/td><\/tr><tr><td><\/td><td><\/td><td><\/td><\/tr><tr><td><\/td><td><\/td><td><\/td><\/tr><tr><td>CARRE D ISA<\/td><td>kg<\/td><td>25,95 \u20ac<\/td><\/tr><tr><td>PAVE DU WINT<\/td><td>kg<\/td><td>22,20 \u20ac<\/td><\/tr><tr><td>TOME DU WINT<\/td><td>kg<\/td><td>27,90 \u20ac<\/td><\/tr><tr><td>MIMOLETTE DU WINT VIEILLE<\/td><td>kg<\/td><td>39,90 \u20ac<\/td><\/tr><tr><td><\/td><td><\/td><td><\/td><\/tr><tr><td><\/td><td><\/td><td><\/td><\/tr><tr><td>EMMENTAL ADT JURA BIO<\/td><td>kg<\/td><td>27,80 \u20ac<\/td><\/tr><tr><td>COMTE AOP BIO<\/td><td>kg<\/td><td>37,50 \u20ac<\/td><\/tr><tr><td>SAINT NECTAIRE BIO<\/td><td>kg<\/td><td>42,30 \u20ac<\/td><\/tr><tr><td>SAPHIR DU VELAY BIO<\/td><td>kg<\/td><td>29,95 \u20ac<\/td><\/tr><tr><td>CAMEMBIO CHEVRE BIO<\/td><td>un<\/td><td>6,95 \u20ac<\/td><\/tr><tr><td>CAMEMBIO BREBIS BIO<\/td><td>un<\/td><td>7,35 \u20ac<\/td><\/tr><tr><td><\/td><td><\/td><td><\/td><\/tr><tr><td>FIGUES SECHES<\/td><td>kg<\/td><td>18,20 \u20ac<\/td><\/tr><tr><td>2 GOUSSES VANILLE<\/td><td>un<\/td><td>6,00 \u20ac<\/td><\/tr><tr><td>RAISINS SECS<\/td><td>kg<\/td><td>7,90 \u20ac<\/td><\/tr><tr><td>ABRICOTS SECS<\/td><td>kg<\/td><td>13,50 \u20ac<\/td><\/tr><tr><td>MELANGE ENERGIE (fruits \u00c3&nbsp; coque)<\/td><td>kg<\/td><td>24,95 \u20ac<\/td><\/tr><tr><td>PIGNONS DE PIN<\/td><td>kg<\/td><td>68,00 \u20ac<\/td><\/tr><tr><td>MELANGE ETUDIANT<\/td><td>kg<\/td><td>21,50 \u20ac<\/td><\/tr><tr><td><\/td><td><\/td><td><\/td><\/tr><tr><td>MIEL D&rsquo;ACACIA<\/td><td>un<\/td><td>10,90 \u20ac<\/td><\/tr><tr><td>MIEL DE THYM BIO<\/td><td>un<\/td><td>16,80 \u20ac<\/td><\/tr><tr><td>MIEL DE FLEUR CREMEUX BIO<\/td><td>un<\/td><td>11,50 \u20ac<\/td><\/tr><tr><td>MIEL DE FLEUR LIQUIDE BIO<\/td><td>un<\/td><td>9,60 \u20ac<\/td><\/tr><tr><td>MIEL DE LAVANDE BIO 250g<\/td><td>un<\/td><td>10,95 \u20ac<\/td><\/tr><tr><td>MIEL HAUTS DE FRANCE<\/td><td>un<\/td><td>7,90 \u20ac<\/td><\/tr><tr><td>MIEL TILLEUL DE PICARDIE<\/td><td>un<\/td><td>9,90 \u20ac<\/td><\/tr><tr><td>MIEL DE POMMIER<\/td><td>un<\/td><td>9,90 \u20ac<\/td><\/tr><tr><td><\/td><td><\/td><td><\/td><\/tr><tr><td><\/td><td><\/td><td><\/td><\/tr><tr><td>JUS D&rsquo;ANANAS<\/td><td>un<\/td><td>6,50 \u20ac<\/td><\/tr><tr><td>JUS DE PAMPLEMOUSSE<\/td><td>un<\/td><td>5,50 \u20ac<\/td><\/tr><tr><td>JUS DE POMME FERMIER<\/td><td>un<\/td><td>3,80 \u20ac<\/td><\/tr><tr><td>JUS D&rsquo;ORANGE<\/td><td>un<\/td><td>5,50 \u20ac<\/td><\/tr><tr><td>JUS MULTIFRUITS<\/td><td>un<\/td><td>5,50 \u20ac<\/td><\/tr><tr><td>JUS DE MYRTILLE 25CL<\/td><td>un<\/td><td>5,50 \u20ac<\/td><\/tr><tr><td>NECTAR FRAMB\/FRAISES<\/td><td>un<\/td><td>7,00 \u20ac<\/td><\/tr><tr><td>JUS DE POMME\/CASSIS<\/td><td>un<\/td><td>4,20 \u20ac<\/td><\/tr><tr><td>JUS FERMIER POMME\/RHUB<\/td><td>un<\/td><td>4,20 \u20ac<\/td><\/tr><tr><td>JUS DE GRENADE 25CL<\/td><td>un<\/td><td>3,80 \u20ac<\/td><\/tr><tr><td><\/td><td><\/td><td><\/td><\/tr><tr><td>SEVE DE BOULEAU<\/td><td>un<\/td><td>9,95 \u20ac<\/td><\/tr><tr><td><\/td><td><\/td><td><\/td><\/tr><tr><td>FIZZ MOJITO<\/td><td>un<\/td><td>3,90 \u20ac<\/td><\/tr><tr><td><\/td><td><\/td><td><\/td><\/tr><tr><td>SMOOTHIE BANAN\/FRAMB\/POIR<\/td><td>un<\/td><td>3,10 \u20ac<\/td><\/tr><tr><td>SMOOTHIE FRAISES\/bananes<\/td><td>un<\/td><td>3,10 \u20ac<\/td><\/tr><tr><td><\/td><td><\/td><td><\/td><\/tr><tr><td>SIROP CRANBERRIES\/FRAMB<\/td><td>un<\/td><td>8,70 \u20ac<\/td><\/tr><tr><td>SIROP MENTHE<\/td><td>un<\/td><td>9,90 \u20ac<\/td><\/tr><tr><td>SIROP GRENADINE<\/td><td>un<\/td><td>9,90 \u20ac<\/td><\/tr><tr><td>SIROP D&rsquo;AGAVE<\/td><td>un<\/td><td>8,70 \u20ac<\/td><\/tr><tr><td>SIROP D&rsquo;ERABLE<\/td><td>un<\/td><td>6,90 \u20ac<\/td><\/tr><tr><td><\/td><td><\/td><td><\/td><\/tr><tr><td>CIDRE FERMIER 1\/2 SEC<\/td><td>un<\/td><td>3,80 \u20ac<\/td><\/tr><tr><td>CIDRE FERMIER BRUT<\/td><td>un<\/td><td>3,80 \u20ac<\/td><\/tr><tr><td>VIN ROUGE COTE DU RHONE<\/td><td>un<\/td><td>8,50 \u20ac<\/td><\/tr><tr><td><\/td><td><\/td><td><\/td><\/tr><tr><td>SOUPE CAROTTE\/COCO<\/td><td>un<\/td><td>4,90 \u20ac<\/td><\/tr><tr><td>SOUPE poisson<\/td><td>un<\/td><td>4,10 \u20ac<\/td><\/tr><tr><td>SOUPE COURGETTE \/ AMANDE<\/td><td>un<\/td><td>4,90 \u20ac<\/td><\/tr><tr><td>SOUPE TOMATES\/HERBES DE PROVENCE<\/td><td>un<\/td><td>4,90 \u20ac<\/td><\/tr><tr><td>SOUPE DOUCEUR D&rsquo;HIVER<\/td><td>un<\/td><td>4,90 \u20ac<\/td><\/tr><tr><td>SOUPE POTIMARRON CHATAIGNE<\/td><td>un<\/td><td>4,90 \u20ac<\/td><\/tr><tr><td><\/td><td><\/td><td><\/td><\/tr><tr><td>HUILE D&rsquo;OLIVE NYONS<\/td><td>un<\/td><td>19,95 \u20ac<\/td><\/tr><tr><td>VINAIGRE DE CIDRE<\/td><td>un<\/td><td>2,80 \u20ac<\/td><\/tr><tr><td>SUCRE DE CANNE BLOND BIO<\/td><td>kg<\/td><td>5,00 \u20ac<\/td><\/tr><tr><td><\/td><td><\/td><td><\/td><\/tr><tr><td>P\u00c3\u201aTES FARFALLES<\/td><td>kg<\/td><td>7,80 \u20ac<\/td><\/tr><tr><td>TRIO DE RIZ CAMARGUE<\/td><td>kg<\/td><td>8,60 \u20ac<\/td><\/tr><tr><td>RIZ ROND BLANC CAMARGUE<\/td><td>kg<\/td><td>5,80 \u20ac<\/td><\/tr><tr><td>RIZ ARBORIO LONG BLANC (RISOTTO)<\/td><td>kg<\/td><td>11,80 \u20ac<\/td><\/tr><tr><td>LENTILLES VERTES 500G<\/td><td>kg<\/td><td>10,00 \u20ac<\/td><\/tr><tr><td>HARICOTS LINGOTS BLANCS<\/td><td>kg<\/td><td>7,60 \u20ac<\/td><\/tr><tr><td>HARICOTS ROUGES<\/td><td>kg<\/td><td>8,80 \u20ac<\/td><\/tr><tr><td>SEMOULE<\/td><td>kg<\/td><td>5,00 \u20ac<\/td><\/tr><\/tbody><\/table><figcaption class=\"wp-element-caption\">suivant stock<\/figcaption><\/figure>\n","protected":false},"excerpt":{"rendered":"<p>Bonjour Toujours \u00e0 notre poste, le march\u00e9 de Condette commence \u00e0 15 heures et se termine vers 18h30\/19h Les commer\u00e7ants seront heureux de vous servir avec le sourire et la bonne humeur&nbsp;\ud83d\ude09 Les produits d\u2019\u00e9t\u00e9 fran\u00e7ais sont bien pr\u00e9sents, il ne nous manque plus qu\u2019un peu de chaleur. nous pr\u00e9parons des paniers diff\u00e9rents \u00e0 16\u20ac [&hellip;]<\/p>\n","protected":false},"author":1,"featured_media":0,"parent":0,"menu_order":0,"comment_status":"closed","ping_status":"closed","template":"","meta":{"footnotes":""},"class_list":["post-145","page","type-page","status-publish","hentry"],"_links":{"self":[{"href":"https:\/\/leclosdetournes.fr\/index.php?rest_route=\/wp\/v2\/pages\/145","targetHints":{"allow":["GET"]}}],"collection":[{"href":"https:\/\/leclosdetournes.fr\/index.php?rest_route=\/wp\/v2\/pages"}],"about":[{"href":"https:\/\/leclosdetournes.fr\/index.php?rest_route=\/wp\/v2\/types\/page"}],"author":[{"embeddable":true,"href":"https:\/\/leclosdetournes.fr\/index.php?rest_route=\/wp\/v2\/users\/1"}],"replies":[{"embeddable":true,"href":"https:\/\/leclosdetournes.fr\/index.php?rest_route=%2Fwp%2Fv2%2Fcomments&post=145"}],"version-history":[{"count":3,"href":"https:\/\/leclosdetournes.fr\/index.php?rest_route=\/wp\/v2\/pages\/145\/revisions"}],"predecessor-version":[{"id":149,"href":"https:\/\/leclosdetournes.fr\/index.php?rest_route=\/wp\/v2\/pages\/145\/revisions\/149"}],"wp:attachment":[{"href":"https:\/\/leclosdetournes.fr\/index.php?rest_route=%2Fwp%2Fv2%2Fmedia&parent=145"}],"curies":[{"name":"wp","href":"https:\/\/api.w.org\/{rel}","templated":true}]}}